{"id":118,"date":"2025-05-17T13:23:20","date_gmt":"2025-05-17T11:23:20","guid":{"rendered":"https:\/\/coinitiumlab.com\/?page_id=118"},"modified":"2025-05-18T18:48:50","modified_gmt":"2025-05-18T16:48:50","slug":"mentions-legales","status":"publish","type":"page","link":"https:\/\/coinitiumlab.com\/index.php\/fr\/mentions-legales\/","title":{"rendered":"Mentions l\u00e9gales"},"content":{"rendered":"\n  <p><strong>Conform\u00e9ment aux dispositions des articles 6-III et 19 de la Loi n\u00b02004-575 du 21 juin 2004 pour la Confiance dans l\u2019\u00e9conomie num\u00e9rique (LCEN), nous informons les utilisateurs du site www.coinitiumlab.com des informations suivantes :<\/strong><\/p>\n\n  <h2>1. \u00c9diteur du site<\/h2>\n  <ul>\n    <li><strong>Nom de l\u2019entreprise :<\/strong> Co.InitiumLab<\/li>\n    <li><strong>Statut juridique :<\/strong> Micro-entreprise<\/li>\n    <li><strong>SIRET :<\/strong> 944 403 773 00012<\/li>\n    <li><strong>Responsable de la publication :<\/strong> Mme Bertille Auvray<\/li>\n    <li><strong>Adresse du si\u00e8ge social :<\/strong> 14120 Mondeville, France<\/li>\n    <li><strong>Email de contact :<\/strong> <a href=\"mailto:bertille.auvray@coinitiumlab.com\">bertille.auvray@coinitiumlab.com<\/a><\/li>\n  <\/ul>\n\n  <h2>2. H\u00e9bergement du site<\/h2>\n  <p>Ce site est h\u00e9berg\u00e9 par OVH Cloud :<\/p>\n  <p>\n    OVH SAS \u2013 2 rue Kellermann \u2013 59100 Roubaix \u2013 France<br>\n    Capital social : 10 069 020 \u20ac \u2013 RCS Lille M\u00e9tropole 424 761 419 00045<br>\n    Site : <a href=\"http:\/\/www.ovh.com\" target=\"_blank\">www.ovh.com<\/a>\n  <\/p>\n\n  <h2>3. Propri\u00e9t\u00e9 intellectuelle<\/h2>\n  <p>\n    L\u2019ensemble du contenu du site www.coinitiumlab.com (textes, images, graphismes, logo, etc.) est prot\u00e9g\u00e9 par le droit de la propri\u00e9t\u00e9 intellectuelle. Toute reproduction, repr\u00e9sentation, modification, publication, adaptation de tout ou partie des \u00e9l\u00e9ments du site, quel que soit le moyen ou le proc\u00e9d\u00e9 utilis\u00e9, est interdite, sauf autorisation \u00e9crite pr\u00e9alable de Co.InitiumLab.\n  <\/p>\n\n  <h2>4. Donn\u00e9es personnelles<\/h2>\n  <p>\n    Les donn\u00e9es collect\u00e9es via le formulaire de contact (nom, adresse e-mail, message) sont strictement utilis\u00e9es pour r\u00e9pondre aux demandes des utilisateurs. Elles ne sont en aucun cas vendues ou transmises \u00e0 des tiers.\n    Conform\u00e9ment au R\u00e8glement G\u00e9n\u00e9ral sur la Protection des Donn\u00e9es (RGPD), vous disposez d\u2019un droit d\u2019acc\u00e8s, de rectification et de suppression des donn\u00e9es vous concernant.\n    Pour exercer ce droit, vous pouvez \u00e9crire \u00e0 : <a href=\"mailto:bertille.auvray@coinitiumlab.com\">bertille.auvray@coinitiumlab.com<\/a>.\n  <\/p>\n\n  <h2>5. Cookies<\/h2>\n  <p>\n    Ce site n\u2019utilise pas de cookies ni d\u2019outils de suivi \u00e0 des fins statistiques ou publicitaires.\n  <\/p>\n\n  <h2>6. Limitation de responsabilit\u00e9<\/h2>\n  <p>\n    Co.InitiumLab s\u2019efforce d\u2019assurer l\u2019exactitude et la mise \u00e0 jour des informations diffus\u00e9es sur le site, mais ne saurait \u00eatre tenue responsable d\u2019\u00e9ventuelles erreurs ou omissions, ni d\u2019une mauvaise utilisation du site ou de tout probl\u00e8me technique rencontr\u00e9.\n  <\/p>\n<\/section>\n","protected":false},"excerpt":{"rendered":"<p>Conform\u00e9ment aux dispositions des articles 6-III et 19 de la Loi n\u00b02004-575 du 21 juin 2004 pour la Confiance dans l\u2019\u00e9conomie num\u00e9rique (LCEN), nous informons les utilisateurs du site www.coinitiumlab.com des informations suivantes : 1. \u00c9diteur du site Nom de l\u2019entreprise : Co.InitiumLab Statut juridique : Micro-entreprise SIRET : 944 403 773 00012 Responsable de &hellip; <\/p>\n<p class=\"link-more\"><a href=\"https:\/\/coinitiumlab.com\/index.php\/fr\/mentions-legales\/\" class=\"more-link\">Read more<span class=\"screen-reader-text\"> &#8220;Mentions l\u00e9gales&#8221;<\/span><\/a><\/p>\n","protected":false},"author":1,"featured_media":113,"parent":0,"menu_order":0,"comment_status":"closed","ping_status":"closed","template":"","meta":{"footnotes":""},"class_list":["post-118","page","type-page","status-publish","has-post-thumbnail","hentry"],"_links":{"self":[{"href":"https:\/\/coinitiumlab.com\/index.php\/wp-json\/wp\/v2\/pages\/118","targetHints":{"allow":["GET"]}}],"collection":[{"href":"https:\/\/coinitiumlab.com\/index.php\/wp-json\/wp\/v2\/pages"}],"about":[{"href":"https:\/\/coinitiumlab.com\/index.php\/wp-json\/wp\/v2\/types\/page"}],"author":[{"embeddable":true,"href":"https:\/\/coinitiumlab.com\/index.php\/wp-json\/wp\/v2\/users\/1"}],"replies":[{"embeddable":true,"href":"https:\/\/coinitiumlab.com\/index.php\/wp-json\/wp\/v2\/comments?post=118"}],"version-history":[{"count":2,"href":"https:\/\/coinitiumlab.com\/index.php\/wp-json\/wp\/v2\/pages\/118\/revisions"}],"predecessor-version":[{"id":132,"href":"https:\/\/coinitiumlab.com\/index.php\/wp-json\/wp\/v2\/pages\/118\/revisions\/132"}],"wp:featuredmedia":[{"embeddable":true,"href":"https:\/\/coinitiumlab.com\/index.php\/wp-json\/wp\/v2\/media\/113"}],"wp:attachment":[{"href":"https:\/\/coinitiumlab.com\/index.php\/wp-json\/wp\/v2\/media?parent=118"}],"curies":[{"name":"wp","href":"https:\/\/api.w.org\/{rel}","templated":true}]}}