{"id":174,"date":"2025-05-22T21:55:49","date_gmt":"2025-05-22T19:55:49","guid":{"rendered":"https:\/\/coinitiumlab.com\/?page_id=174"},"modified":"2025-05-22T22:06:12","modified_gmt":"2025-05-22T20:06:12","slug":"ateliers-conferences-thematiques","status":"publish","type":"page","link":"https:\/\/coinitiumlab.com\/index.php\/fr\/ateliers-conferences-thematiques\/","title":{"rendered":"Ateliers &#038; Conf\u00e9rences th\u00e9matiques"},"content":{"rendered":"\n<p><strong>Co InitiumLab<\/strong> con\u00e7oit et anime des ateliers dynamiques et des conf\u00e9rences inspirantes pour stimuler l\u2019intelligence collective, renforcer les comp\u00e9tences et nourrir les r\u00e9flexions strat\u00e9giques de vos \u00e9quipes ou partenaires.<\/p>\n\n\n\n<hr class=\"wp-block-separator has-alpha-channel-opacity\"\/>\n\n\n\n<h3 class=\"wp-block-heading\"><strong>Nos services<\/strong><\/h3>\n\n\n\n<h4 class=\"wp-block-heading\">\ud83d\udd39 <strong>Organisation et animation d\u2019ateliers<\/strong><\/h4>\n\n\n\n<p>Nous proposons des formats participatifs et adapt\u00e9s \u00e0 vos objectifs, autour de th\u00e9matiques vari\u00e9es :<\/p>\n\n\n\n<ul class=\"wp-block-list\">\n<li><strong>Num\u00e9rique &amp; transformation digitale<\/strong><\/li>\n\n\n\n<li><strong>M\u00e9thodes agiles &amp; design thinking<\/strong><\/li>\n\n\n\n<li><strong>Id\u00e9ation &amp; cr\u00e9ativit\u00e9 appliqu\u00e9e<\/strong><\/li>\n\n\n\n<li><strong>Travail en \u00e9quipe &amp; intelligence collective<\/strong><\/li>\n\n\n\n<li><strong>Cartographie et engagement des parties prenantes<\/strong><\/li>\n<\/ul>\n\n\n\n<p>Chaque atelier est con\u00e7u sur mesure selon votre contexte, avec des livrables activables : supports synth\u00e9tiques, canevas, documentation des \u00e9changes.<\/p>\n\n\n\n<h4 class=\"wp-block-heading\">\ud83d\udd39 <strong>Conf\u00e9rences et interventions sur-mesure<\/strong><\/h4>\n\n\n\n<p>Nous intervenons lors de vos \u00e9v\u00e9nements (s\u00e9minaires, forums, formations, journ\u00e9es d\u2019\u00e9tude\u2026) avec des formats courts et percutants :<\/p>\n\n\n\n<ul class=\"wp-block-list\">\n<li>Conf\u00e9rences inspirantes sur l\u2019innovation collaborative<\/li>\n\n\n\n<li>Retours d\u2019exp\u00e9rience sur des projets europ\u00e9ens ou des d\u00e9marches Living Lab<\/li>\n\n\n\n<li>T\u00e9moignages ou interventions th\u00e9matiques sur l\u2019innovation publique, la co-cr\u00e9ation, ou les nouveaux modes de collaboration<\/li>\n<\/ul>\n\n\n\n<hr class=\"wp-block-separator has-alpha-channel-opacity\"\/>\n\n\n\n<h3 class=\"wp-block-heading\"><strong>Une approche vivante, collaborative et structur\u00e9e<\/strong><\/h3>\n\n\n\n<p>Nos interventions allient contenu de fond, interactivit\u00e9, et m\u00e9thodologie rigoureuse pour maximiser l&#8217;engagement et la m\u00e9morisation. L\u2019objectif : que chaque participant reparte avec des cl\u00e9s concr\u00e8tes, des outils, et une envie d\u2019agir.<\/p>\n\n\n\n<hr class=\"wp-block-separator has-alpha-channel-opacity\"\/>\n\n\n\n<h3 class=\"wp-block-heading\">\ud83d\udce9 <strong>Contact &amp; devis<\/strong><\/h3>\n\n\n\n<p>Vous souhaitez organiser un atelier ou une conf\u00e9rence dans votre structure ou \u00e0 l\u2019occasion d\u2019un \u00e9v\u00e9nement ?<\/p>\n\n\n\n<p>\ud83d\udce7 <a>contact@coinitiumlab.com<\/a><\/p>\n","protected":false},"excerpt":{"rendered":"<p>Co InitiumLab con\u00e7oit et anime des ateliers dynamiques et des conf\u00e9rences inspirantes pour stimuler l\u2019intelligence collective, renforcer les comp\u00e9tences et nourrir les r\u00e9flexions strat\u00e9giques de vos \u00e9quipes ou partenaires. Nos services \ud83d\udd39 Organisation et animation d\u2019ateliers Nous proposons des formats participatifs et adapt\u00e9s \u00e0 vos objectifs, autour de th\u00e9matiques vari\u00e9es : Chaque atelier est con\u00e7u &hellip; <\/p>\n<p class=\"link-more\"><a href=\"https:\/\/coinitiumlab.com\/index.php\/fr\/ateliers-conferences-thematiques\/\" class=\"more-link\">Read more<span class=\"screen-reader-text\"> &#8220;Ateliers &#038; Conf\u00e9rences th\u00e9matiques&#8221;<\/span><\/a><\/p>\n","protected":false},"author":1,"featured_media":113,"parent":0,"menu_order":0,"comment_status":"closed","ping_status":"closed","template":"","meta":{"footnotes":""},"class_list":["post-174","page","type-page","status-publish","has-post-thumbnail","hentry"],"_links":{"self":[{"href":"https:\/\/coinitiumlab.com\/index.php\/wp-json\/wp\/v2\/pages\/174","targetHints":{"allow":["GET"]}}],"collection":[{"href":"https:\/\/coinitiumlab.com\/index.php\/wp-json\/wp\/v2\/pages"}],"about":[{"href":"https:\/\/coinitiumlab.com\/index.php\/wp-json\/wp\/v2\/types\/page"}],"author":[{"embeddable":true,"href":"https:\/\/coinitiumlab.com\/index.php\/wp-json\/wp\/v2\/users\/1"}],"replies":[{"embeddable":true,"href":"https:\/\/coinitiumlab.com\/index.php\/wp-json\/wp\/v2\/comments?post=174"}],"version-history":[{"count":1,"href":"https:\/\/coinitiumlab.com\/index.php\/wp-json\/wp\/v2\/pages\/174\/revisions"}],"predecessor-version":[{"id":175,"href":"https:\/\/coinitiumlab.com\/index.php\/wp-json\/wp\/v2\/pages\/174\/revisions\/175"}],"wp:featuredmedia":[{"embeddable":true,"href":"https:\/\/coinitiumlab.com\/index.php\/wp-json\/wp\/v2\/media\/113"}],"wp:attachment":[{"href":"https:\/\/coinitiumlab.com\/index.php\/wp-json\/wp\/v2\/media?parent=174"}],"curies":[{"name":"wp","href":"https:\/\/api.w.org\/{rel}","templated":true}]}}