{"id":64,"date":"2025-05-15T16:58:41","date_gmt":"2025-05-15T14:58:41","guid":{"rendered":"https:\/\/coinitiumlab.com\/?page_id=64"},"modified":"2025-05-27T19:34:17","modified_gmt":"2025-05-27T17:34:17","slug":"page-daccueil","status":"publish","type":"page","link":"https:\/\/coinitiumlab.com\/index.php\/fr\/page-daccueil\/","title":{"rendered":"Page d&#8217;accueil"},"content":{"rendered":"\n<div class=\"wp-block-cover alignfull is-light\" style=\"min-height:100vh;aspect-ratio:unset;\"><video class=\"wp-block-cover__video-background intrinsic-ignore\" autoplay muted loop playsinline src=\"http:\/\/coinitiumlab.com\/wp-content\/uploads\/2025\/05\/203183-920181381_small-1.mp4\" data-object-fit=\"cover\"><\/video><span aria-hidden=\"true\" class=\"wp-block-cover__background has-background-dim-20 has-background-dim\" style=\"background-color:#FFF\"><\/span><div class=\"wp-block-cover__inner-container has-global-padding is-layout-constrained wp-block-cover-is-layout-constrained\">\n<div style=\"height:55px\" aria-hidden=\"true\" class=\"wp-block-spacer\"><\/div>\n\n\n\n<p class=\"has-text-align-center has-white-color has-text-color has-max-60-font-size\" style=\"font-style:normal;font-weight:900;line-height:1.2\"><strong>Collaborative. Engag\u00e9e. Ancr\u00e9e.<\/strong><\/p>\n\n\n\n<p class=\"has-text-align-center has-white-color has-text-color has-medium-font-size\">Encourager la collaboration. Initier le changement.<\/p>\n\n\n\n<div style=\"height:55px\" aria-hidden=\"true\" class=\"wp-block-spacer\"><\/div>\n\n\n\n<div class=\"wp-block-buttons is-content-justification-center is-layout-flex wp-container-core-buttons-is-layout-a89b3969 wp-block-buttons-is-layout-flex\">\n<div class=\"wp-block-button is-style-outline is-style-outline--1\"><a class=\"wp-block-button__link has-white-color has-text-color wp-element-button\" href=\"#\" style=\"border-radius:0px\">En savoir plus<\/a><\/div>\n<\/div>\n<\/div><\/div>\n\n\n\n<div class=\"wp-block-group has-global-padding is-layout-constrained wp-block-group-is-layout-constrained\">\n<div style=\"height:57px\" aria-hidden=\"true\" class=\"wp-block-spacer\"><\/div>\n\n\n\n<h2 class=\"wp-block-heading has-text-align-center has-medium-font-size\" style=\"letter-spacing:1px\">VOTRE PARTENAIRE POUR VOS PROJETS EUROP\u00c9ENS ET D&#8217;INNOVATION COLLECTIVE<\/h2>\n\n\n\n<p class=\"has-text-align-center\"><strong>Co InitiumLab est une structure d\u00e9di\u00e9e \u00e0 la gestion de projets europ\u00e9ens et au conseil en innovation<\/strong> dans divers domaines, notamment la transformation num\u00e9rique, la sant\u00e9 et le bien-\u00eatre, le tourisme, l\u2019agriculture, le d\u00e9veloppement rural et l\u2019urbanisme.<\/p>\n\n\n\n<p>Sa mission principale est d\u2019accompagner les porteurs de projets (collectivit\u00e9s, associations, entreprises et universit\u00e9s) dans la conception, la coordination, la mise en \u0153uvre et le suivi d\u2019initiatives cofinanc\u00e9es par l\u2019Union europ\u00e9enne.<\/p>\n\n\n\n<p class=\"has-text-align-center\"><strong>Co InitiumLab poss\u00e8de \u00e9galement une forte expertise en m\u00e9thodologies participatives et en d\u00e9marches de co-cr\u00e9ation<\/strong>, avec un accent particulier sur le mod\u00e8le des Living Labs. L\u2019organisation intervient pour structurer ou soutenir des laboratoires vivants en facilitant la collaboration entre les parties prenantes locales (usagers, chercheurs, acteurs publics et priv\u00e9s), dans le but de tester, adapter ou co-d\u00e9velopper des solutions en contexte r\u00e9el.<\/p>\n\n\n\n<div style=\"height:90px\" aria-hidden=\"true\" class=\"wp-block-spacer\"><\/div>\n<\/div>\n\n\n\n<div id=\"services\" class=\"wp-block-group alignfull pattern_multiple_covers has-background has-global-padding is-layout-constrained wp-block-group-is-layout-constrained\">\n<p class=\"has-text-align-left has-secondary-color has-text-color\" style=\"letter-spacing:1px\">ET SI ON TRAVAILLAIT ENSEMBLE ?<\/p>\n\n\n\n<h2 class=\"wp-block-heading has-text-align-left\">Nos services<\/h2>\n\n\n\n<p class=\"has-text-align-left\"><strong>Co InitiumLab donne vie \u00e0 vos id\u00e9es<\/strong> gr\u00e2ce \u00e0 une expertise reconnue en gestion de projets europ\u00e9ens, en d\u00e9veloppement de Living Labs et en conception d\u2019ateliers et d\u2019\u00e9v\u00e9nements. Nous transformons la collaboration en action, et l\u2019innovation en r\u00e9sultats.<\/p>\n\n\n\n<div style=\"height:46px\" aria-hidden=\"true\" class=\"wp-block-spacer\"><\/div>\n\n\n\n<div class=\"wp-block-columns is-layout-flex wp-container-core-columns-is-layout-28f84493 wp-block-columns-is-layout-flex\">\n<div class=\"wp-block-column is-layout-flow wp-block-column-is-layout-flow\" style=\"padding-top:0;padding-right:0;padding-bottom:0;padding-left:0\">\n<div class=\"wp-block-cover has-custom-content-position is-position-bottom-left\" style=\"padding-top:var(--wp--preset--spacing--small);padding-right:var(--wp--preset--spacing--x-small);padding-bottom:var(--wp--preset--spacing--small);padding-left:var(--wp--preset--spacing--x-small)\"><img loading=\"lazy\" decoding=\"async\" width=\"813\" height=\"813\" class=\"wp-block-cover__image-background wp-image-52 size-full\" alt=\"\" src=\"https:\/\/coinitiumlab.com\/wp-content\/uploads\/2025\/05\/5.png\" style=\"object-position:45% 37%\" data-object-fit=\"cover\" data-object-position=\"45% 37%\" srcset=\"https:\/\/coinitiumlab.com\/wp-content\/uploads\/2025\/05\/5.png 813w, https:\/\/coinitiumlab.com\/wp-content\/uploads\/2025\/05\/5-300x300.png 300w, https:\/\/coinitiumlab.com\/wp-content\/uploads\/2025\/05\/5-150x150.png 150w\" sizes=\"auto, (max-width: 813px) 100vw, 813px\" \/><span aria-hidden=\"true\" class=\"wp-block-cover__background has-primary-background-color has-background-dim-70 has-background-dim\"><\/span><div class=\"wp-block-cover__inner-container is-layout-flow wp-block-cover-is-layout-flow\">\n<h3 class=\"wp-block-heading has-white-color has-text-color has-large-font-size\" style=\"margin-top:0;margin-right:0;margin-bottom:0;margin-left:0\">Projets<br>Europ\u00e9ens<\/h3>\n\n\n\n<p class=\"has-secondary-color has-text-color has-link-color wp-elements-04c6971e2349c6940515461178e258d1\" style=\"margin-top:0;margin-right:0;margin-bottom:0;margin-left:0\"><a href=\"https:\/\/coinitiumlab.com\/index.php\/fr\/page-d-exemple\/\" data-type=\"page\" data-id=\"2\">En savoir plus \u2192<\/a><\/p>\n<\/div><\/div>\n<\/div>\n\n\n\n<div class=\"wp-block-column is-layout-flow wp-block-column-is-layout-flow\" style=\"padding-top:0;padding-right:0;padding-bottom:0;padding-left:0\">\n<div class=\"wp-block-cover has-custom-content-position is-position-bottom-left\" style=\"padding-top:var(--wp--preset--spacing--small);padding-right:var(--wp--preset--spacing--x-small);padding-bottom:var(--wp--preset--spacing--small);padding-left:var(--wp--preset--spacing--x-small)\"><img loading=\"lazy\" decoding=\"async\" width=\"813\" height=\"813\" class=\"wp-block-cover__image-background wp-image-53 size-full\" alt=\"\" src=\"https:\/\/coinitiumlab.com\/wp-content\/uploads\/2025\/05\/6.png\" style=\"object-position:95% 14%\" data-object-fit=\"cover\" data-object-position=\"95% 14%\" srcset=\"https:\/\/coinitiumlab.com\/wp-content\/uploads\/2025\/05\/6.png 813w, https:\/\/coinitiumlab.com\/wp-content\/uploads\/2025\/05\/6-300x300.png 300w, https:\/\/coinitiumlab.com\/wp-content\/uploads\/2025\/05\/6-150x150.png 150w\" sizes=\"auto, (max-width: 813px) 100vw, 813px\" \/><span aria-hidden=\"true\" class=\"wp-block-cover__background has-primary-background-color has-background-dim-70 has-background-dim\"><\/span><div class=\"wp-block-cover__inner-container is-layout-flow wp-block-cover-is-layout-flow\">\n<h3 class=\"wp-block-heading has-white-color has-text-color has-large-font-size\" style=\"margin-top:0;margin-right:0;margin-bottom:0;margin-left:0\">Living <br>Lab<\/h3>\n\n\n\n<p class=\"has-secondary-color has-text-color has-link-color wp-elements-ce81cd0319fb9e1864c1d051ae2dc4a5\" style=\"margin-top:0;margin-right:0;margin-bottom:0;margin-left:0\"><a href=\"https:\/\/coinitiumlab.com\/index.php\/fr\/accompagnement-acculturation-au-living-lab\/\" data-type=\"page\" data-id=\"148\">En savoir plus \u2192<\/a><\/p>\n<\/div><\/div>\n<\/div>\n\n\n\n<div class=\"wp-block-column is-layout-flow wp-block-column-is-layout-flow\" style=\"padding-top:0;padding-right:0;padding-bottom:0;padding-left:0\">\n<div class=\"wp-block-cover has-custom-content-position is-position-bottom-left\" style=\"padding-top:var(--wp--preset--spacing--small);padding-right:var(--wp--preset--spacing--x-small);padding-bottom:var(--wp--preset--spacing--small);padding-left:var(--wp--preset--spacing--x-small)\"><img loading=\"lazy\" decoding=\"async\" width=\"813\" height=\"813\" class=\"wp-block-cover__image-background wp-image-54 size-full\" alt=\"\" src=\"https:\/\/coinitiumlab.com\/wp-content\/uploads\/2025\/05\/7.png\" style=\"object-position:55% 53%\" data-object-fit=\"cover\" data-object-position=\"55% 53%\" srcset=\"https:\/\/coinitiumlab.com\/wp-content\/uploads\/2025\/05\/7.png 813w, https:\/\/coinitiumlab.com\/wp-content\/uploads\/2025\/05\/7-300x300.png 300w, https:\/\/coinitiumlab.com\/wp-content\/uploads\/2025\/05\/7-150x150.png 150w\" sizes=\"auto, (max-width: 813px) 100vw, 813px\" \/><span aria-hidden=\"true\" class=\"wp-block-cover__background has-primary-background-color has-background-dim-70 has-background-dim\"><\/span><div class=\"wp-block-cover__inner-container is-layout-flow wp-block-cover-is-layout-flow\">\n<h3 class=\"wp-block-heading has-white-color has-text-color has-large-font-size\" style=\"margin-top:0;margin-right:0;margin-bottom:0;margin-left:0\">Ateliers &amp; <br>Conf\u00e9rences<\/h3>\n\n\n\n<p class=\"has-secondary-color has-text-color has-link-color wp-elements-f4b332300d14d0db72ae4109d2839b23\" style=\"margin-top:0;margin-right:0;margin-bottom:0;margin-left:0\"><a href=\"https:\/\/coinitiumlab.com\/index.php\/ateliers-conferences-thematiques\/\" data-type=\"page\" data-id=\"174\">En savoir plus \u2192<\/a><\/p>\n<\/div><\/div>\n<\/div>\n<\/div>\n<\/div>\n\n\n\n<div id=\"news\" class=\"wp-block-group has-global-padding is-layout-constrained wp-block-group-is-layout-constrained\">\n<div style=\"height:108px\" aria-hidden=\"true\" class=\"wp-block-spacer\"><\/div>\n\n\n\n<div class=\"wp-block-cover alignwide has-parallax is-position-center-center\" style=\"border-radius:0px;min-height:100vh;aspect-ratio:unset;\"><div class=\"wp-block-cover__image-background wp-image-180 size-large has-parallax\" style=\"background-position:50% 50%;background-image:url(http:\/\/coinitiumlab.com\/wp-content\/uploads\/2025\/05\/Design-sans-titre14-1024x672.png)\"><\/div><span aria-hidden=\"true\" class=\"wp-block-cover__background has-black-background-color has-background-dim-40 has-background-dim\"><\/span><div class=\"wp-block-cover__inner-container is-layout-flow wp-block-cover-is-layout-flow\">\n<div class=\"wp-block-group has-global-padding is-layout-constrained wp-block-group-is-layout-constrained\">\n<h3 class=\"wp-block-heading has-text-align-center has-text-color has-medium-font-size\" style=\"color:#fffffa;text-transform:uppercase\">ENSEMBLE, TRANSFORMONS VOS VISIONS EN futur partage.<\/h3>\n\n\n\n<p class=\"has-text-align-center has-white-color has-text-color\">C\u2019est ici que commence l\u2019innovation. Co InitiumLab est votre tremplin pour des projets collaboratifs, des partenariats europ\u00e9ens et une facilitation cr\u00e9ative. Ce que vous lisez n\u2019est qu\u2019un aper\u00e7u\u2026 Imaginez ce que nous pourrions construire ensemble quand l\u2019histoire r\u00e9elle commencera \u00e0 s\u2019\u00e9crire !<\/p>\n\n\n\n<div style=\"height:31px\" aria-hidden=\"true\" class=\"wp-block-spacer\"><\/div>\n\n\n\n<div class=\"wp-block-buttons is-horizontal is-content-justification-center is-layout-flex wp-container-core-buttons-is-layout-03627597 wp-block-buttons-is-layout-flex\">\n<div class=\"wp-block-button is-style-outline is-style-outline--2\"><a class=\"wp-block-button__link has-white-color has-text-color wp-element-button\" href=\"#\" style=\"border-radius:0px\">CONTACTEZ NOUS<\/a><\/div>\n<\/div>\n<\/div>\n<\/div><\/div>\n\n\n\n<div id=\"news\" class=\"wp-block-group has-global-padding is-layout-constrained wp-block-group-is-layout-constrained\">\n<div style=\"height:108px\" aria-hidden=\"true\" class=\"wp-block-spacer\"><\/div>\n<\/div>\n\n\n\n<p class=\"has-text-align-left has-secondary-color has-text-color\">NOUVELLES DU BLOG<\/p>\n\n\n\n<h2 class=\"wp-block-heading has-text-align-left\">Les derni\u00e8res infos<\/h2>\n\n\n\n<div style=\"height:33px\" aria-hidden=\"true\" class=\"wp-block-spacer\"><\/div>\n\n\n\n<div class=\"wp-block-query is-layout-flow wp-block-query-is-layout-flow\">\n\n<div class=\"wp-block-query-no-results\">\n\n<p><\/p>\n\n<\/div><\/div>\n\n\n\n<div style=\"height:85px\" aria-hidden=\"true\" class=\"wp-block-spacer\"><\/div>\n<\/div>\n","protected":false},"excerpt":{"rendered":"<p>VOTRE PARTENAIRE POUR VOS PROJETS EUROP\u00c9ENS ET D&#8217;INNOVATION COLLECTIVE Co InitiumLab est une structure d\u00e9di\u00e9e \u00e0 la gestion de projets europ\u00e9ens et au conseil en innovation dans divers domaines, notamment la transformation num\u00e9rique, la sant\u00e9 et le bien-\u00eatre, le tourisme, l\u2019agriculture, le d\u00e9veloppement rural et l\u2019urbanisme. Sa mission principale est d\u2019accompagner les porteurs de projets &hellip; <\/p>\n<p class=\"link-more\"><a href=\"https:\/\/coinitiumlab.com\/index.php\/fr\/page-daccueil\/\" class=\"more-link\">Read more<span class=\"screen-reader-text\"> &#8220;Page d&#8217;accueil&#8221;<\/span><\/a><\/p>\n","protected":false},"author":1,"featured_media":0,"parent":0,"menu_order":0,"comment_status":"closed","ping_status":"closed","template":"page-templates\/homepage-no-hero.php","meta":{"footnotes":""},"class_list":["post-64","page","type-page","status-publish","hentry"],"_links":{"self":[{"href":"https:\/\/coinitiumlab.com\/index.php\/wp-json\/wp\/v2\/pages\/64","targetHints":{"allow":["GET"]}}],"collection":[{"href":"https:\/\/coinitiumlab.com\/index.php\/wp-json\/wp\/v2\/pages"}],"about":[{"href":"https:\/\/coinitiumlab.com\/index.php\/wp-json\/wp\/v2\/types\/page"}],"author":[{"embeddable":true,"href":"https:\/\/coinitiumlab.com\/index.php\/wp-json\/wp\/v2\/users\/1"}],"replies":[{"embeddable":true,"href":"https:\/\/coinitiumlab.com\/index.php\/wp-json\/wp\/v2\/comments?post=64"}],"version-history":[{"count":10,"href":"https:\/\/coinitiumlab.com\/index.php\/wp-json\/wp\/v2\/pages\/64\/revisions"}],"predecessor-version":[{"id":190,"href":"https:\/\/coinitiumlab.com\/index.php\/wp-json\/wp\/v2\/pages\/64\/revisions\/190"}],"wp:attachment":[{"href":"https:\/\/coinitiumlab.com\/index.php\/wp-json\/wp\/v2\/media?parent=64"}],"curies":[{"name":"wp","href":"https:\/\/api.w.org\/{rel}","templated":true}]}}